{"id":3071,"date":"2025-06-06T00:00:06","date_gmt":"2025-06-06T05:00:06","guid":{"rendered":"https:\/\/lokif.com\/bitel\/solicitud-de-servicio\/?page_id=3071"},"modified":"2025-08-13T16:50:20","modified_gmt":"2025-08-13T21:50:20","slug":"bitel-solicitud-de-servicio","status":"publish","type":"page","link":"https:\/\/lokif.com\/bitel\/solicitud-de-servicio\/","title":{"rendered":"Bitel Solicitud de Servicio"},"content":{"rendered":"<p>[et_pb_section fb_built=\u00bb1&#8243; fullwidth=\u00bbon\u00bb _builder_version=\u00bb4.27.4&#8243; _module_preset=\u00bbdefault\u00bb background_color=\u00bbRGBA(255,255,255,0)\u00bb display_conditions=\u00bbW10=\u00bb custom_padding=\u00bb||||false|false\u00bb locked=\u00bboff\u00bb global_colors_info=\u00bb{}\u00bb][et_pb_fullwidth_header title=\u00bb@ET-DC@eyJkeW5hbWljIjp0cnVlLCJjb250ZW50IjoicG9zdF90aXRsZSIsInNldHRpbmdzIjp7ImJlZm9yZSI6IiIsImFmdGVyIjoiIn19@\u00bb logo_image_url=\u00bbhttps:\/\/lokif.com\/bitel\/solicitud-de-servicio\/wp-content\/uploads\/2025\/01\/Logo-Bitel-ico-blue-c.webp\u00bb header_image_url=\u00bbhttps:\/\/lokif.com\/bitel\/solicitud-de-servicio\/wp-content\/uploads\/2025\/01\/Bitel-portabilidad-150&#215;150-1.webp\u00bb header_image_url_tablet=\u00bbhttps:\/\/lokif.com\/bitel\/solicitud-de-servicio\/wp-content\/uploads\/2025\/01\/Bitel-portabilidad-150&#215;150-1.webp\u00bb header_image_url_last_edited=\u00bboff|phone\u00bb _builder_version=\u00bb4.27.4&#8243; _dynamic_attributes=\u00bbtitle\u00bb _module_preset=\u00bbdefault\u00bb title_font=\u00bb&#8211;et_global_body_font|800|||||||\u00bb title_text_align=\u00bbleft\u00bb title_font_size=\u00bb35px\u00bb title_line_height=\u00bb1.2em\u00bb subhead_font=\u00bb||on||||||\u00bb subhead_text_align=\u00bbleft\u00bb background_color=\u00bb#FFF200&#8243; use_background_color_gradient=\u00bbon\u00bb background_color_gradient_stops=\u00bb#fce531 5px|#fff200 100px\u00bb background_color_gradient_unit=\u00bbpx\u00bb custom_button_one=\u00bbon\u00bb button_one_text_size=\u00bb18px\u00bb button_one_text_color=\u00bb#FFFFFF\u00bb button_one_bg_color=\u00bb#59d16a\u00bb button_one_font=\u00bb|&#8211;et_global_body_font_weight|||||||\u00bb button_one_icon=\u00bb&#xf232;||fa||400&#8243; button_one_icon_color=\u00bb#FFFFFF\u00bb button_one_on_hover=\u00bboff\u00bb background_layout=\u00bblight\u00bb custom_padding=\u00bb80px||||false|false\u00bb custom_padding_tablet=\u00bb0px||||false|false\u00bb custom_padding_phone=\u00bb0px||||false|false\u00bb custom_padding_last_edited=\u00bbon|tablet\u00bb title_font_size_tablet=\u00bb35px\u00bb title_font_size_phone=\u00bb30px\u00bb title_font_size_last_edited=\u00bbon|desktop\u00bb custom_css_scroll_button=\u00bbanimation: bounce 1s infinite;\u00bb box_shadow_style_button_one=\u00bbpreset3&#8243; global_colors_info=\u00bb{}\u00bb]<\/p>\n<p><em>Env\u00eda tu Solicitud y recibe atenci\u00f3n prioritaria.<br \/><\/em><\/p>\n<p>&nbsp;<\/p>\n<ul>\n<li><strong>Solicitud:<\/strong> Cambiarme a Bitel | Portabilidad<\/li>\n<li><strong>Plan Bitel:<\/strong> Plan ilimitado 79.90<\/li>\n<li><strong>Promoci\u00f3n:<\/strong> 50% descuento x 12 meses<\/li>\n<li><strong>Precio 39.90 x mes.<\/strong><\/li>\n<\/ul>\n<p style=\"text-align: right;\"><a href=\"#\" class=\"whatsapp-smart-button \" style=\"display:inline-flex; align-items:center; justify-content:center; background-color:#25D366; color:#FFFFFF; padding:12px 24px; border-radius:50px; text-decoration:none; font-size:1.1em; font-weight:bold; box-shadow:0 8px 15px -6px rgba(0, 0, 0, 0.3); position:relative; bottom:auto; right:auto; z-index:auto; transition: transform 0.2s ease;\" target=\"_blank\" rel=\"noopener noreferrer nofollow\" onmouseover=\"this.style.transform=&#039;scale(1.05)&#039;\" onmouseout=\"this.style.transform=&#039;scale(1)&#039;\" data-number=\"51901465385\" data-message-template=\"Hola! estoy enviando mi solicitud desde la web {web} para:\n- Solicitud: {solicitud}.\n- Plan Bitel: {plan_bitel}.\n- Promoci\u00f3n: {promocion}.\n- Precio S.\/{precio} por mes.\nDeseo recibir atenci\u00f3n prioritaria.\nGracias.\n&gt; Mi c\u00f3digo de atenci\u00f3n es: {cod_de_atencion}\" data-web=\"https:\/\/lokif.com\/bitel\/bitel-portabilidad\/\" data-solicitud=\"Cambiarme a Bitel | Portabilidad\" data-plan-bitel=\"Plan ilimitado 79.90\" data-promocion=\"50% descuento x 12 meses\" data-precio=\"39.90\" data-cod-atencion=\"Prioritario\">Enviar Solicitud <i class=\"fab fa-whatsapp\" style=\"font-size:24px; padding: 0px 2px; font-weight:normal; line-height:1; margin-left:10px;\" aria-hidden=\"true\"><\/i><\/a><\/p>\n<p>[\/et_pb_fullwidth_header][et_pb_fullwidth_code _builder_version=\u00bb4.27.4&#8243; _module_preset=\u00bbdefault\u00bb custom_margin=\u00bb||||false|false\u00bb custom_padding=\u00bb|||10px|false|false\u00bb custom_css_main_element=\u00bbfont-size: 12px;\u00bb global_colors_info=\u00bb{}\u00bb]<nav class=\"custom-breadcrumbs\"><a href=\"https:\/\/lokif.com\">Inicio<\/a> \u00bb <a href=\"https:\/\/lokif.com\/bitel\">Bitel<\/a> \u00bb <a href=\"https:\/\/lokif.com\/bitel\/solicitud-de-servicio\">Solicitud De Servicio<\/a> \u00bb <a href=\"https:\/\/lokif.com\/bitel\/solicitud-de-servicio\/wp-json\">Wp Json<\/a> \u00bb <a href=\"https:\/\/lokif.com\/bitel\/solicitud-de-servicio\/wp-json\/wp\">Wp<\/a> \u00bb <a href=\"https:\/\/lokif.com\/bitel\/solicitud-de-servicio\/wp-json\/wp\/v2\">V2<\/a> \u00bb <a href=\"https:\/\/lokif.com\/bitel\/solicitud-de-servicio\/wp-json\/wp\/v2\/pages\">Pages<\/a> \u00bb <span>3071<\/span><\/nav>[\/et_pb_fullwidth_code][\/et_pb_section][et_pb_section fb_built=\u00bb1&#8243; fullwidth=\u00bbon\u00bb _builder_version=\u00bb4.27.4&#8243; _module_preset=\u00bbdefault\u00bb background_color=\u00bbRGBA(255,255,255,0)\u00bb global_module=\u00bb3123&#8243; global_colors_info=\u00bb{}\u00bb][et_pb_fullwidth_header title=\u00bb\u00bfDeseas hacer otra solicitud?\u00bb header_scroll_down=\u00bbon\u00bb scroll_down_icon=\u00bb%%8%%\u00bb scroll_down_icon_color=\u00bb#03558b\u00bb button_one_text=\u00bbVer Planes Bitel\u00bb button_one_url=\u00bbhttps:\/\/lokif.com\/bitel\/bitel-portabilidad\/#seccion-planes\u00bb button_two_text=\u00bbBitel Inicio\u00bb button_two_url=\u00bbhttps:\/\/lokif.com\/bitel\/\u00bb header_image_url=\u00bbhttps:\/\/lokif.com\/bitel\/solicitud-de-servicio\/wp-content\/uploads\/2025\/01\/Baner-Bitel-lokif-transparente-x400.webp\u00bb _builder_version=\u00bb4.27.4&#8243; _module_preset=\u00bbdefault\u00bb title_level=\u00bbh2&#8243; title_font=\u00bb&#8211;et_global_body_font|800|||||||\u00bb title_text_align=\u00bbleft\u00bb title_line_height=\u00bb1.2em\u00bb content_text_align=\u00bbleft\u00bb content_font_size=\u00bb13px\u00bb content_line_height=\u00bb1.4em\u00bb subhead_font_size=\u00bb13px\u00bb subhead_line_height=\u00bb1.3em\u00bb background_enable_color=\u00bboff\u00bb custom_button_one=\u00bbon\u00bb button_one_text_size=\u00bb15px\u00bb button_one_border_width=\u00bb1px\u00bb button_one_icon=\u00bb&#xe606;||divi||400&#8243; button_one_icon_placement=\u00bbleft\u00bb button_one_on_hover=\u00bboff\u00bb custom_button_two=\u00bbon\u00bb button_two_text_size=\u00bb15px\u00bb button_two_text_color=\u00bb#EAF1FC\u00bb button_two_bg_color=\u00bb#03558b\u00bb button_two_border_width=\u00bb1px\u00bb button_two_icon=\u00bb&#xe009;||divi||400&#8243; button_two_icon_placement=\u00bbleft\u00bb button_two_on_hover=\u00bboff\u00bb background_layout=\u00bblight\u00bb custom_padding=\u00bb80px||||false|false\u00bb custom_padding_tablet=\u00bb0px||||false|false\u00bb custom_padding_phone=\u00bb0px||||false|false\u00bb custom_padding_last_edited=\u00bbon|tablet\u00bb title_font_size_tablet=\u00bb30px\u00bb title_font_size_phone=\u00bb28px\u00bb title_font_size_last_edited=\u00bbon|desktop\u00bb custom_css_scroll_button=\u00bbanimation: bounce 1s infinite;\u00bb box_shadow_style_button_one=\u00bbpreset3&#8243; box_shadow_style_button_two=\u00bbpreset3&#8243; locked=\u00bboff\u00bb global_colors_info=\u00bb{}\u00bb]<\/p>\n<p>Nuestros Asesores estar\u00e1n encantados de ayudarte.<\/p>\n<p>[\/et_pb_fullwidth_header][\/et_pb_section][et_pb_section fb_built=\u00bb1&#8243; fullwidth=\u00bbon\u00bb _builder_version=\u00bb4.27.4&#8243; _module_preset=\u00bbdefault\u00bb background_color=\u00bbRGBA(255,255,255,0)\u00bb global_module=\u00bb2977&#8243; global_colors_info=\u00bb{}\u00bb][et_pb_fullwidth_header title=\u00bbPreguntas Frecuentes\u00bb header_scroll_down=\u00bbon\u00bb scroll_down_icon=\u00bb%%8%%\u00bb scroll_down_icon_color=\u00bb#03558b\u00bb button_one_text=\u00bbFAQ Bitel\u00bb button_one_url=\u00bbhttps:\/\/lokif.com\/bitel\/#faq\u00bb button_two_text=\u00bbFAQ Bitel Portabilidad\u00bb button_two_url=\u00bbhttps:\/\/lokif.com\/bitel\/bitel-portabilidad\/#faq\u00bb header_image_url=\u00bbhttps:\/\/lokif.com\/bitel\/solicitud-de-servicio\/wp-content\/uploads\/2025\/01\/Logo-Bitel-ico-blue-c.webp\u00bb _builder_version=\u00bb4.27.4&#8243; _module_preset=\u00bbdefault\u00bb title_level=\u00bbh2&#8243; title_font=\u00bb&#8211;et_global_body_font|800|||||||\u00bb title_text_align=\u00bbleft\u00bb title_line_height=\u00bb1.2em\u00bb content_text_align=\u00bbleft\u00bb content_font_size=\u00bb13px\u00bb content_line_height=\u00bb1.4em\u00bb subhead_font_size=\u00bb13px\u00bb subhead_line_height=\u00bb1.3em\u00bb background_enable_color=\u00bboff\u00bb custom_button_one=\u00bbon\u00bb button_one_text_size=\u00bb15px\u00bb button_one_border_width=\u00bb1px\u00bb button_one_icon=\u00bb&#xe606;||divi||400&#8243; button_one_icon_placement=\u00bbleft\u00bb button_one_on_hover=\u00bboff\u00bb custom_button_two=\u00bbon\u00bb button_two_text_size=\u00bb15px\u00bb button_two_text_color=\u00bb#EAF1FC\u00bb button_two_bg_color=\u00bb#03558b\u00bb button_two_border_width=\u00bb1px\u00bb button_two_icon=\u00bb&#xe009;||divi||400&#8243; button_two_icon_placement=\u00bbleft\u00bb button_two_on_hover=\u00bboff\u00bb background_layout=\u00bblight\u00bb custom_padding=\u00bb80px||||false|false\u00bb custom_padding_tablet=\u00bb0px||||false|false\u00bb custom_padding_phone=\u00bb0px||||false|false\u00bb custom_padding_last_edited=\u00bbon|tablet\u00bb title_font_size_tablet=\u00bb30px\u00bb title_font_size_phone=\u00bb28px\u00bb title_font_size_last_edited=\u00bbon|desktop\u00bb custom_css_scroll_button=\u00bbanimation: bounce 1s infinite;\u00bb box_shadow_style_button_one=\u00bbpreset3&#8243; box_shadow_style_button_two=\u00bbpreset3&#8243; locked=\u00bboff\u00bb global_colors_info=\u00bb{}\u00bb]<\/p>\n<p>Consulta las respuestas a las preguntas frecuentes sobre Bitel.<\/p>\n<p>[\/et_pb_fullwidth_header][\/et_pb_section]<\/p>\n","protected":false},"excerpt":{"rendered":"<p>Env\u00eda tu Solicitud y recibe atenci\u00f3n prioritaria. &nbsp; Solicitud: Cambiarme a Bitel | Portabilidad Plan Bitel: Plan ilimitado 79.90 Promoci\u00f3n: 50% descuento x 12 meses Precio 39.90 x mes. <a href=\"#\" class=\"whatsapp-smart-button \" style=\"display:inline-flex; align-items:center; justify-content:center; background-color:#25D366; color:#FFFFFF; padding:12px 24px; border-radius:50px; text-decoration:none; font-size:1.1em; font-weight:bold; box-shadow:0 8px 15px -6px rgba(0, 0, 0, 0.3); position:relative; bottom:auto; right:auto; z-index:auto; transition: transform 0.2s ease;\" target=\"_blank\" rel=\"noopener noreferrer nofollow\" onmouseover=\"this.style.transform=&#039;scale(1.05)&#039;\" onmouseout=\"this.style.transform=&#039;scale(1)&#039;\" data-number=\"51901465385\" data-message-template=\"Hola! estoy enviando mi solicitud desde la web {web} para:\n- Solicitud: {solicitud}.\n- Plan Bitel: {plan_bitel}.\n- Promoci\u00f3n: {promocion}.\n- Precio S.\/{precio} por mes.\nDeseo recibir atenci\u00f3n prioritaria.\nGracias.\n&gt; Mi c\u00f3digo de atenci\u00f3n es: {cod_de_atencion}\" data-web=\"https:\/\/lokif.com\/bitel\/bitel-portabilidad\/\" data-solicitud=\"Cambiarme a Bitel | Portabilidad\" data-plan-bitel=\"Plan ilimitado 79.90\" data-promocion=\"50% descuento x 12 meses\" data-precio=\"39.90\" data-cod-atencion=\"Prioritario\">Enviar Solicitud <i class=\"fab fa-whatsapp\" style=\"font-size:24px; padding: 0px 2px; font-weight:normal; line-height:1; margin-left:10px;\" aria-hidden=\"true\"><\/i><\/a><nav class=\"custom-breadcrumbs\"><a href=\"https:\/\/lokif.com\">Inicio<\/a> \u00bb <a href=\"https:\/\/lokif.com\/bitel\">Bitel<\/a> \u00bb <a href=\"https:\/\/lokif.com\/bitel\/solicitud-de-servicio\">Solicitud De Servicio<\/a> \u00bb <a href=\"https:\/\/lokif.com\/bitel\/solicitud-de-servicio\/wp-json\">Wp Json<\/a> \u00bb <a href=\"https:\/\/lokif.com\/bitel\/solicitud-de-servicio\/wp-json\/wp\">Wp<\/a> \u00bb <a href=\"https:\/\/lokif.com\/bitel\/solicitud-de-servicio\/wp-json\/wp\/v2\">V2<\/a> \u00bb <a href=\"https:\/\/lokif.com\/bitel\/solicitud-de-servicio\/wp-json\/wp\/v2\/pages\">Pages<\/a> \u00bb <span>3071<\/span><\/nav>Nuestros Asesores estar\u00e1n encantados de ayudarte.Consulta las respuestas a las preguntas frecuentes sobre Bitel.<\/p>\n","protected":false},"author":1,"featured_media":3087,"parent":0,"menu_order":0,"comment_status":"closed","ping_status":"closed","template":"","meta":{"_et_pb_use_builder":"on","_et_pb_old_content":"","_et_gb_content_width":"","footnotes":""},"class_list":["post-3071","page","type-page","status-publish","has-post-thumbnail","hentry"],"_links":{"self":[{"href":"https:\/\/lokif.com\/bitel\/solicitud-de-servicio\/wp-json\/wp\/v2\/pages\/3071","targetHints":{"allow":["GET"]}}],"collection":[{"href":"https:\/\/lokif.com\/bitel\/solicitud-de-servicio\/wp-json\/wp\/v2\/pages"}],"about":[{"href":"https:\/\/lokif.com\/bitel\/solicitud-de-servicio\/wp-json\/wp\/v2\/types\/page"}],"author":[{"embeddable":true,"href":"https:\/\/lokif.com\/bitel\/solicitud-de-servicio\/wp-json\/wp\/v2\/users\/1"}],"replies":[{"embeddable":true,"href":"https:\/\/lokif.com\/bitel\/solicitud-de-servicio\/wp-json\/wp\/v2\/comments?post=3071"}],"version-history":[{"count":0,"href":"https:\/\/lokif.com\/bitel\/solicitud-de-servicio\/wp-json\/wp\/v2\/pages\/3071\/revisions"}],"wp:featuredmedia":[{"embeddable":true,"href":"https:\/\/lokif.com\/bitel\/solicitud-de-servicio\/wp-json\/wp\/v2\/media\/3087"}],"wp:attachment":[{"href":"https:\/\/lokif.com\/bitel\/solicitud-de-servicio\/wp-json\/wp\/v2\/media?parent=3071"}],"curies":[{"name":"wp","href":"https:\/\/api.w.org\/{rel}","templated":true}]}}